{"id":11,"date":"2023-03-01T18:24:02","date_gmt":"2023-03-01T17:24:02","guid":{"rendered":"https:\/\/tabory.vivanet.sk\/2023\/?page_id=11"},"modified":"2023-03-01T18:24:02","modified_gmt":"2023-03-01T17:24:02","slug":"tema","status":"publish","type":"page","link":"https:\/\/tabory.vivanet.sk\/2023\/tema\/","title":{"rendered":"T\u00e9ma"},"content":{"rendered":"<p><strong>Fil 4,4: Radujte sa!<\/strong><\/p>\n<p>\u017dijeme v radosti? Alebo n\u00e1s tr\u00e1pia obavy a strach &#8211; z vojny, nedostatku, politickej a ekonomickej situ\u00e1cie, z covidu? P\u00e1n Je\u017ei\u0161 n\u00e1m prikazuje, \u017ee sa m\u00e1me radova\u0165, z\u00e1rove\u0148 ale vie, \u017ee to sami nedok\u00e1\u017eeme. M\u00e1me kr\u00e1\u010da\u0165 po Jeho ceste, pod\u013ea Jeho zna\u010diek, pozera\u0165 sa Jeho poh\u013eadom na svet okolo n\u00e1s. Preto potrebujeme povysko\u010di\u0165 nad mra\u010dn\u00e1 nepriate\u013ea do svetla Bo\u017eieho Kr\u00e1\u013eovstva, aby sa Bo\u017eie veci diali na zemi a mohli sme sa v Jeho pr\u00edtomnosti znovu te\u0161i\u0165 aj z mal\u00fdch vec\u00ed okolo n\u00e1s.<\/p>\n<p>Prijmite preto pozvanie na Rodinn\u00fd t\u00e1bor 2023, kde chceme spolo\u010dne h\u013eada\u0165 t\u00fato Bo\u017eiu rados\u0165. Ver\u00edme, \u017ee On ju m\u00e1 pre n\u00e1s u\u017e pripraven\u00fa.<\/p>\n","protected":false},"excerpt":{"rendered":"<p>Fil 4,4: Radujte sa! \u017dijeme v radosti? Alebo n\u00e1s tr\u00e1pia obavy a strach &#8211; z vojny, nedostatku, politickej a ekonomickej situ\u00e1cie, z covidu? P\u00e1n Je\u017ei\u0161 n\u00e1m prikazuje, \u017ee sa m\u00e1me <a class=\"more-link\" href=\"https:\/\/tabory.vivanet.sk\/2023\/tema\/\">[ . . . ]<\/a><\/p>\n","protected":false},"author":1,"featured_media":0,"parent":0,"menu_order":3,"comment_status":"closed","ping_status":"closed","template":"","meta":{"footnotes":""},"class_list":["post-11","page","type-page","status-publish","hentry"],"_links":{"self":[{"href":"https:\/\/tabory.vivanet.sk\/2023\/wp-json\/wp\/v2\/pages\/11","targetHints":{"allow":["GET"]}}],"collection":[{"href":"https:\/\/tabory.vivanet.sk\/2023\/wp-json\/wp\/v2\/pages"}],"about":[{"href":"https:\/\/tabory.vivanet.sk\/2023\/wp-json\/wp\/v2\/types\/page"}],"author":[{"embeddable":true,"href":"https:\/\/tabory.vivanet.sk\/2023\/wp-json\/wp\/v2\/users\/1"}],"replies":[{"embeddable":true,"href":"https:\/\/tabory.vivanet.sk\/2023\/wp-json\/wp\/v2\/comments?post=11"}],"version-history":[{"count":1,"href":"https:\/\/tabory.vivanet.sk\/2023\/wp-json\/wp\/v2\/pages\/11\/revisions"}],"predecessor-version":[{"id":12,"href":"https:\/\/tabory.vivanet.sk\/2023\/wp-json\/wp\/v2\/pages\/11\/revisions\/12"}],"wp:attachment":[{"href":"https:\/\/tabory.vivanet.sk\/2023\/wp-json\/wp\/v2\/media?parent=11"}],"curies":[{"name":"wp","href":"https:\/\/api.w.org\/{rel}","templated":true}]}}