{"id":20,"date":"2023-03-01T21:01:51","date_gmt":"2023-03-01T20:01:51","guid":{"rendered":"https:\/\/tabory.vivanet.sk\/2023\/?page_id=20"},"modified":"2023-06-12T13:39:17","modified_gmt":"2023-06-12T11:39:17","slug":"terminy","status":"publish","type":"page","link":"https:\/\/tabory.vivanet.sk\/2023\/terminy\/","title":{"rendered":"Term\u00edny"},"content":{"rendered":"<h2>TURNUSY<\/h2>\n<p><img loading=\"lazy\" decoding=\"async\" class=\"alignright wp-image-45 size-medium\" src=\"https:\/\/tabory.vivanet.sk\/2023\/wp-content\/uploads\/drotar1-400x300.jpg\" alt=\"\" width=\"400\" height=\"300\" srcset=\"https:\/\/tabory.vivanet.sk\/2023\/wp-content\/uploads\/drotar1-400x300.jpg 400w, https:\/\/tabory.vivanet.sk\/2023\/wp-content\/uploads\/drotar1-768x576.jpg 768w, https:\/\/tabory.vivanet.sk\/2023\/wp-content\/uploads\/drotar1-650x488.jpg 650w, https:\/\/tabory.vivanet.sk\/2023\/wp-content\/uploads\/drotar1-261x196.jpg 261w, https:\/\/tabory.vivanet.sk\/2023\/wp-content\/uploads\/drotar1-540x406.jpg 540w, https:\/\/tabory.vivanet.sk\/2023\/wp-content\/uploads\/drotar1-300x225.jpg 300w, https:\/\/tabory.vivanet.sk\/2023\/wp-content\/uploads\/drotar1.jpg 1024w\" sizes=\"auto, (max-width: 400px) 100vw, 400px\" \/><\/p>\n<h3>1. TURNUS<\/h3>\n<p>TERM\u00cdN: <strong>13.8. &#8211; 19.8.<\/strong><br \/>\nMIESTO: Hotel Drot\u00e1r, Hronec<br \/>\nRE\u010cN\u00cdCI: <a href=\"#zakovci\">Vlado a Martina \u017dakovci<\/a><\/p>\n<h3>2. TURNUS<\/h3>\n<p>TERM\u00cdN: <strong>20.8. &#8211; 26.8.<\/strong><br \/>\nMIESTO: Hotel Drot\u00e1r, Hronec<br \/>\nRE\u010cN\u00cdCI: <a href=\"#clark\">Steve a Jo Kilbryovci<\/a><\/p>\n<p>&nbsp;<\/p>\n<h2>CENY<\/h2>\n<p>300\u20ac &#8211; dospel\u00fd<br \/>\n260\u20ac &#8211; die\u0165a od 12 rokov (dospel\u00e1 porcia)<br \/>\n240\u20ac &#8211; die\u0165a do 11 rokov vr\u00e1tane (detsk\u00e1 porcia)<br \/>\n50\u20ac &#8211; die\u0165a do 3 rokov vr\u00e1tane (bez n\u00e1roku na stravu a l\u00f4\u017eko)<br \/>\n10\u20ac &#8211; poplatok za psa<\/p>\n<p>Pred t\u00e1borom je potrebn\u00e9 uhradi\u0165 z\u00e1lohu vo v\u00fd\u0161ke 300\u20ac na rodinu.<\/p>\n<p>&nbsp;<\/p>\n<h2>O RE\u010cN\u00cdKOCH<\/h2>\n<h3>Martina a Vlado \u017d\u00e1kovci<\/h3>\n<p><img loading=\"lazy\" decoding=\"async\" class=\"alignright wp-image-22 size-thumbnail\" src=\"https:\/\/tabory.vivanet.sk\/2023\/wp-content\/uploads\/2023\/03\/zakovci-200x200.jpg\" alt=\"\" width=\"200\" height=\"200\" srcset=\"https:\/\/tabory.vivanet.sk\/2023\/wp-content\/uploads\/2023\/03\/zakovci-200x200.jpg 200w, https:\/\/tabory.vivanet.sk\/2023\/wp-content\/uploads\/2023\/03\/zakovci-100x100.jpg 100w\" sizes=\"auto, (max-width: 200px) 100vw, 200px\" \/>Vlado &amp; Martinka \u017d\u00e1kovci moment\u00e1lne p\u00f4sobia v Bratislave ako ved\u00faci slu\u017eobn\u00edci spolo\u010denstva Otcov dom, ktor\u00fd je s\u00fa\u010das\u0165ou Apo\u0161tolskej cirkvi. Ich rados\u0165ou je prin\u00e1\u0161a\u0165 zjavenie o dobrote Nebesk\u00e9ho Otca a vies\u0165 \u013eud\u00ed do plnosti a slobody toho, \u010do to znamen\u00e1 \u017ei\u0165 ako bo\u017e\u00ed synovia &amp; dc\u00e9ry. S\u00fa man\u017eelmi takmer 13 rokov, maj\u00fa spolu 3 deti (jedno z nich u\u017e v nebi), pre\u017eili si spolu \u017eivotn\u00e9 v\u00fd\u0161iny aj \u00fadolia, ale cez to v\u0161etko sa rozhodli dennodenne zotrv\u00e1va\u0165 v Bo\u017eej radosti a bra\u0165 sam\u00fdch seba s humorom:-) Medzi ich siln\u00e9 \u017eivotn\u00e9 t\u00e9my patr\u00ed zdrav\u00e1 identita, komunik\u00e1cia, kult\u00fara \u00facty, sloboda a odv\u00e1\u017ene kr\u00e1\u010danie za Je\u017ei\u0161om.<\/p>\n<p>&nbsp;<\/p>\n<h3>Steve a Jo Kilbryovci<\/h3>\n<h3><\/h3>\n<p><span lang=\"DE-CH\"><img loading=\"lazy\" decoding=\"async\" class=\"wp-image-58 alignright\" src=\"https:\/\/tabory.vivanet.sk\/2023\/wp-content\/uploads\/IMG_20230330_180106355_HDR2-400x284.jpg\" alt=\"\" width=\"265\" height=\"188\" srcset=\"https:\/\/tabory.vivanet.sk\/2023\/wp-content\/uploads\/IMG_20230330_180106355_HDR2-400x284.jpg 400w, https:\/\/tabory.vivanet.sk\/2023\/wp-content\/uploads\/IMG_20230330_180106355_HDR2-1024x727.jpg 1024w, https:\/\/tabory.vivanet.sk\/2023\/wp-content\/uploads\/IMG_20230330_180106355_HDR2-768x545.jpg 768w, https:\/\/tabory.vivanet.sk\/2023\/wp-content\/uploads\/IMG_20230330_180106355_HDR2-1536x1090.jpg 1536w, https:\/\/tabory.vivanet.sk\/2023\/wp-content\/uploads\/IMG_20230330_180106355_HDR2-2048x1453.jpg 2048w, https:\/\/tabory.vivanet.sk\/2023\/wp-content\/uploads\/IMG_20230330_180106355_HDR2-650x461.jpg 650w, https:\/\/tabory.vivanet.sk\/2023\/wp-content\/uploads\/IMG_20230330_180106355_HDR2-300x213.jpg 300w\" sizes=\"auto, (max-width: 265px) 100vw, 265px\" \/><\/span><span lang=\"DE-CH\">Steve poch\u00e1dza z USA a Jo z Anglicka. Stretli sa na DTS \u2013 \u0161kole u\u010den\u00edctva organiz\u00e1cie YWAM pred 28 rokmi a odvtedy s\u00fa spolu. Na Slovensku p\u00f4sobili 25 rokov, \u00a0boli pri zrode organiz\u00e1cie YWAM Slovensko, aj Rodinn\u00fdch t\u00e1borov YWAM. \u00a0\u00a0Maj\u00fa 3 deti \u2013 Ben, Sam\u00a0 a Emma, ktor\u00e9 sa narodili a vyr\u00e1stli na Slovensku.<\/span><\/p>\n","protected":false},"excerpt":{"rendered":"<p>TURNUSY 1. TURNUS TERM\u00cdN: 13.8. &#8211; 19.8. MIESTO: Hotel Drot\u00e1r, Hronec RE\u010cN\u00cdCI: Vlado a Martina \u017dakovci 2. TURNUS TERM\u00cdN: 20.8. &#8211; 26.8. MIESTO: Hotel Drot\u00e1r, Hronec RE\u010cN\u00cdCI: Steve a Jo <a class=\"more-link\" href=\"https:\/\/tabory.vivanet.sk\/2023\/terminy\/\">[ . . . ]<\/a><\/p>\n","protected":false},"author":1,"featured_media":0,"parent":0,"menu_order":4,"comment_status":"closed","ping_status":"closed","template":"","meta":{"footnotes":""},"class_list":["post-20","page","type-page","status-publish","hentry"],"_links":{"self":[{"href":"https:\/\/tabory.vivanet.sk\/2023\/wp-json\/wp\/v2\/pages\/20","targetHints":{"allow":["GET"]}}],"collection":[{"href":"https:\/\/tabory.vivanet.sk\/2023\/wp-json\/wp\/v2\/pages"}],"about":[{"href":"https:\/\/tabory.vivanet.sk\/2023\/wp-json\/wp\/v2\/types\/page"}],"author":[{"embeddable":true,"href":"https:\/\/tabory.vivanet.sk\/2023\/wp-json\/wp\/v2\/users\/1"}],"replies":[{"embeddable":true,"href":"https:\/\/tabory.vivanet.sk\/2023\/wp-json\/wp\/v2\/comments?post=20"}],"version-history":[{"count":10,"href":"https:\/\/tabory.vivanet.sk\/2023\/wp-json\/wp\/v2\/pages\/20\/revisions"}],"predecessor-version":[{"id":59,"href":"https:\/\/tabory.vivanet.sk\/2023\/wp-json\/wp\/v2\/pages\/20\/revisions\/59"}],"wp:attachment":[{"href":"https:\/\/tabory.vivanet.sk\/2023\/wp-json\/wp\/v2\/media?parent=20"}],"curies":[{"name":"wp","href":"https:\/\/api.w.org\/{rel}","templated":true}]}}