{"id":11,"date":"2023-03-01T18:24:02","date_gmt":"2023-03-01T17:24:02","guid":{"rendered":"https:\/\/tabory.vivanet.sk\/2024\/?page_id=11"},"modified":"2024-03-15T07:55:25","modified_gmt":"2024-03-15T06:55:25","slug":"tema","status":"publish","type":"page","link":"https:\/\/tabory.vivanet.sk\/2024\/tema\/","title":{"rendered":"T\u00e9ma"},"content":{"rendered":"<h3><span style=\"font-size: 20px;\"><strong>Bud\u00facnos\u0165 pln\u00e1 n\u00e1deje<\/strong><\/span><\/h3>\n<p><strong>Jer 29,11: &#8222;Ja pozn\u00e1m svoje z\u00e1mery, ktor\u00e9 m\u00e1m s vami, znie v\u00fdrok Hospodina, s\u00fa to z\u00e1mery pokoja, a nie ne\u0161\u0165astia; d\u00e1m v\u00e1m bud\u00facnos\u0165 a n\u00e1dej.&#8220;<\/strong><\/p>\n<p>Viete, \u017ee n\u00e1m Hospodin zas\u013e\u00fabil dobr\u00fa bud\u00facnos\u0165? Alebo n\u00e1s tr\u00e1pia obavy a strach z bud\u00facnosti?<\/p>\n<p>Bo\u017eie Slovo hovor\u00ed, \u017ee aj zo zdanlivo m\u0155tveho dreva d\u00e1 P\u00e1n vyr\u00e1s\u0165 nov\u00e9mu v\u00fdhonku, \u017ee aj such\u00fdm kostiam vie prinavr\u00e1ti\u0165 \u017eivot. Jedin\u00e9, \u010do potrebujeme, je h\u013eada\u0165 Ho cel\u00fdm svojim srdcom.<\/p>\n<p>Nu\u017e&#8230; to nie je jednoduch\u00e9, priznajme si, ako sa n\u00e1m to dar\u00ed? Ale spolo\u010dne dok\u00e1\u017eeme \u00eds\u0165 po \u00fazkej ceste.<\/p>\n<p>Prijmite preto pozvanie na Rodinn\u00fd t\u00e1bor 2024, kde chceme spolo\u010dne h\u013eada\u0165 t\u00fato Bo\u017eiu bud\u00facnos\u0165 a n\u00e1dej. Vieme, \u017ee On ju m\u00e1 pre n\u00e1s u\u017e pripraven\u00fa.<\/p>\n<p>&nbsp;<\/p>\n<h3 style=\"text-align: center;\"><strong><a href=\"https:\/\/tabory.vivanet.sk\/2024\/prihlaska\/\">Registr\u00e1cia<\/a> otvoren\u00e1<\/strong><\/h3>\n","protected":false},"excerpt":{"rendered":"<p>Bud\u00facnos\u0165 pln\u00e1 n\u00e1deje Jer 29,11: &#8222;Ja pozn\u00e1m svoje z\u00e1mery, ktor\u00e9 m\u00e1m s vami, znie v\u00fdrok Hospodina, s\u00fa to z\u00e1mery pokoja, a nie ne\u0161\u0165astia; d\u00e1m v\u00e1m bud\u00facnos\u0165 a n\u00e1dej.&#8220; Viete, \u017ee <a class=\"more-link\" href=\"https:\/\/tabory.vivanet.sk\/2024\/tema\/\">[ . . . ]<\/a><\/p>\n","protected":false},"author":1,"featured_media":0,"parent":0,"menu_order":3,"comment_status":"closed","ping_status":"closed","template":"","meta":{"footnotes":""},"class_list":["post-11","page","type-page","status-publish","hentry"],"_links":{"self":[{"href":"https:\/\/tabory.vivanet.sk\/2024\/wp-json\/wp\/v2\/pages\/11","targetHints":{"allow":["GET"]}}],"collection":[{"href":"https:\/\/tabory.vivanet.sk\/2024\/wp-json\/wp\/v2\/pages"}],"about":[{"href":"https:\/\/tabory.vivanet.sk\/2024\/wp-json\/wp\/v2\/types\/page"}],"author":[{"embeddable":true,"href":"https:\/\/tabory.vivanet.sk\/2024\/wp-json\/wp\/v2\/users\/1"}],"replies":[{"embeddable":true,"href":"https:\/\/tabory.vivanet.sk\/2024\/wp-json\/wp\/v2\/comments?post=11"}],"version-history":[{"count":16,"href":"https:\/\/tabory.vivanet.sk\/2024\/wp-json\/wp\/v2\/pages\/11\/revisions"}],"predecessor-version":[{"id":120,"href":"https:\/\/tabory.vivanet.sk\/2024\/wp-json\/wp\/v2\/pages\/11\/revisions\/120"}],"wp:attachment":[{"href":"https:\/\/tabory.vivanet.sk\/2024\/wp-json\/wp\/v2\/media?parent=11"}],"curies":[{"name":"wp","href":"https:\/\/api.w.org\/{rel}","templated":true}]}}