{"id":13,"date":"2023-03-01T18:25:03","date_gmt":"2023-03-01T17:25:03","guid":{"rendered":"https:\/\/tabory.vivanet.sk\/2024\/?page_id=13"},"modified":"2023-03-01T18:25:03","modified_gmt":"2023-03-01T17:25:03","slug":"pribeh","status":"publish","type":"page","link":"https:\/\/tabory.vivanet.sk\/2024\/pribeh\/","title":{"rendered":"Pr\u00edbeh"},"content":{"rendered":"<p><strong>Pr\u00edbeh rodinn\u00fdch t\u00e1borov na Slovensku<\/strong><\/p>\n<p>Pokra\u010dujme v pr\u00edbehu <a href=\"https:\/\/tabor.ywam.sk\/\" target=\"_blank\" rel=\"noopener\">Rodinn\u00fdch t\u00e1borov YWAM<\/a>, od roku 2023 pod hlavi\u010dkou Viva Network.<\/p>\n","protected":false},"excerpt":{"rendered":"<p>Pr\u00edbeh rodinn\u00fdch t\u00e1borov na Slovensku Pokra\u010dujme v pr\u00edbehu Rodinn\u00fdch t\u00e1borov YWAM, od roku 2023 pod hlavi\u010dkou Viva Network.<\/p>\n","protected":false},"author":1,"featured_media":0,"parent":0,"menu_order":2,"comment_status":"closed","ping_status":"closed","template":"","meta":{"footnotes":""},"class_list":["post-13","page","type-page","status-publish","hentry"],"_links":{"self":[{"href":"https:\/\/tabory.vivanet.sk\/2024\/wp-json\/wp\/v2\/pages\/13","targetHints":{"allow":["GET"]}}],"collection":[{"href":"https:\/\/tabory.vivanet.sk\/2024\/wp-json\/wp\/v2\/pages"}],"about":[{"href":"https:\/\/tabory.vivanet.sk\/2024\/wp-json\/wp\/v2\/types\/page"}],"author":[{"embeddable":true,"href":"https:\/\/tabory.vivanet.sk\/2024\/wp-json\/wp\/v2\/users\/1"}],"replies":[{"embeddable":true,"href":"https:\/\/tabory.vivanet.sk\/2024\/wp-json\/wp\/v2\/comments?post=13"}],"version-history":[{"count":1,"href":"https:\/\/tabory.vivanet.sk\/2024\/wp-json\/wp\/v2\/pages\/13\/revisions"}],"predecessor-version":[{"id":14,"href":"https:\/\/tabory.vivanet.sk\/2024\/wp-json\/wp\/v2\/pages\/13\/revisions\/14"}],"wp:attachment":[{"href":"https:\/\/tabory.vivanet.sk\/2024\/wp-json\/wp\/v2\/media?parent=13"}],"curies":[{"name":"wp","href":"https:\/\/api.w.org\/{rel}","templated":true}]}}