{"id":17,"date":"2023-03-01T20:43:54","date_gmt":"2023-03-01T19:43:54","guid":{"rendered":"https:\/\/tabory.vivanet.sk\/2024\/?page_id=17"},"modified":"2023-03-01T20:43:54","modified_gmt":"2023-03-01T19:43:54","slug":"kontakt","status":"publish","type":"page","link":"https:\/\/tabory.vivanet.sk\/2024\/kontakt\/","title":{"rendered":"Kontakt"},"content":{"rendered":"<p><strong>Administrat\u00edva &#8211; A\u010fka \u0160itinov\u00e1:<\/strong><br \/>\n<a href=\"mailto:asitinova@hotmail.com\">asitinova@hotmail.com<\/a><br \/>\n0905 354 324<\/p>\n<p><strong>VIVA &#8211; Ursy Botting:<\/strong><br \/>\n<a href=\"mailto:viva.sk@nextra.sk\">viva.sk@nextra.sk<\/a><br \/>\n0905 518 915<\/p>\n","protected":false},"excerpt":{"rendered":"<p>Administrat\u00edva &#8211; A\u010fka \u0160itinov\u00e1: asitinova@hotmail.com 0905 354 324 VIVA &#8211; Ursy Botting: viva.sk@nextra.sk 0905 518 915<\/p>\n","protected":false},"author":1,"featured_media":0,"parent":0,"menu_order":7,"comment_status":"closed","ping_status":"closed","template":"","meta":{"footnotes":""},"class_list":["post-17","page","type-page","status-publish","hentry"],"_links":{"self":[{"href":"https:\/\/tabory.vivanet.sk\/2024\/wp-json\/wp\/v2\/pages\/17","targetHints":{"allow":["GET"]}}],"collection":[{"href":"https:\/\/tabory.vivanet.sk\/2024\/wp-json\/wp\/v2\/pages"}],"about":[{"href":"https:\/\/tabory.vivanet.sk\/2024\/wp-json\/wp\/v2\/types\/page"}],"author":[{"embeddable":true,"href":"https:\/\/tabory.vivanet.sk\/2024\/wp-json\/wp\/v2\/users\/1"}],"replies":[{"embeddable":true,"href":"https:\/\/tabory.vivanet.sk\/2024\/wp-json\/wp\/v2\/comments?post=17"}],"version-history":[{"count":1,"href":"https:\/\/tabory.vivanet.sk\/2024\/wp-json\/wp\/v2\/pages\/17\/revisions"}],"predecessor-version":[{"id":18,"href":"https:\/\/tabory.vivanet.sk\/2024\/wp-json\/wp\/v2\/pages\/17\/revisions\/18"}],"wp:attachment":[{"href":"https:\/\/tabory.vivanet.sk\/2024\/wp-json\/wp\/v2\/media?parent=17"}],"curies":[{"name":"wp","href":"https:\/\/api.w.org\/{rel}","templated":true}]}}