{"id":2,"date":"2023-02-13T19:04:59","date_gmt":"2023-02-13T18:04:59","guid":{"rendered":"https:\/\/tabory.vivanet.sk\/2024\/?page_id=2"},"modified":"2024-01-28T17:14:39","modified_gmt":"2024-01-28T16:14:39","slug":"ukazkova-stranka","status":"publish","type":"page","link":"https:\/\/tabory.vivanet.sk\/2024\/","title":{"rendered":"<span style=\"font-size:24px\">Medzidenomina\u010dn\u00e9 kres\u0165ansk\u00e9 t\u00e1bory pre rodiny<\/span>"},"content":{"rendered":"<ul>\n<li>Zauj\u00edmav\u00e9\u00a0<b>dopolud\u0148aj\u0161ie predn\u00e1\u0161ky<\/b>\u00a0pre dospel\u00fdch, zameran\u00e9 na posil\u0148ovanie vz\u0165ahov v\u00a0rodine a\u00a0na prehlbovanie vz\u0165ahu s Bohom<\/li>\n<li>Paralelne s predn\u00e1\u0161kami bohat\u00fd\u00a0<b>program pre deti<\/b>\u00a0v skupin\u00e1ch pod\u013ea veku \u2013 duchovn\u00fd program, hry, tvorivos\u0165, \u0161port, s\u00fa\u0165a\u017ee\u2026<\/li>\n<li><b>Duchovn\u00e1 starostlivos\u0165<\/b>\u00a0sk\u00fasen\u00fdch pracovn\u00edkov v oblasti slu\u017eby rodin\u00e1m zo zahrani\u010dia i zo Slovenska<\/li>\n<li>Popolud\u0148aj\u0161\u00ed\u00a0<b>\u010das pre rodinu<\/b>, po\u010das ktor\u00e9ho je mo\u017en\u00e9 zapoji\u0165 sa do pripraven\u00fdch aktiv\u00edt alebo ho str\u00e1vi\u0165 individu\u00e1lne<\/li>\n<li>\u0160port, tvoriv\u00e9 dielne, workshopy, z\u00e1bava, ve\u010der pre man\u017eelov<\/li>\n<li><b>Rozhovory a\u00a0modlitby<\/b>\u00a0s\u00a0priate\u013emi<\/li>\n<li><b>Oddych<\/b>\u00a0v n\u00e1dhernom prostred\u00ed<\/li>\n<\/ul>\n","protected":false},"excerpt":{"rendered":"<p>Zauj\u00edmav\u00e9\u00a0dopolud\u0148aj\u0161ie predn\u00e1\u0161ky\u00a0pre dospel\u00fdch, zameran\u00e9 na posil\u0148ovanie vz\u0165ahov v\u00a0rodine a\u00a0na prehlbovanie vz\u0165ahu s Bohom Paralelne s predn\u00e1\u0161kami bohat\u00fd\u00a0program pre deti\u00a0v skupin\u00e1ch pod\u013ea veku \u2013 duchovn\u00fd program, hry, tvorivos\u0165, \u0161port, s\u00fa\u0165a\u017ee\u2026 Duchovn\u00e1 <a class=\"more-link\" href=\"https:\/\/tabory.vivanet.sk\/2024\/\">[ . . . ]<\/a><\/p>\n","protected":false},"author":1,"featured_media":0,"parent":0,"menu_order":0,"comment_status":"closed","ping_status":"open","template":"","meta":{"footnotes":""},"class_list":["post-2","page","type-page","status-publish","hentry"],"_links":{"self":[{"href":"https:\/\/tabory.vivanet.sk\/2024\/wp-json\/wp\/v2\/pages\/2","targetHints":{"allow":["GET"]}}],"collection":[{"href":"https:\/\/tabory.vivanet.sk\/2024\/wp-json\/wp\/v2\/pages"}],"about":[{"href":"https:\/\/tabory.vivanet.sk\/2024\/wp-json\/wp\/v2\/types\/page"}],"author":[{"embeddable":true,"href":"https:\/\/tabory.vivanet.sk\/2024\/wp-json\/wp\/v2\/users\/1"}],"replies":[{"embeddable":true,"href":"https:\/\/tabory.vivanet.sk\/2024\/wp-json\/wp\/v2\/comments?post=2"}],"version-history":[{"count":12,"href":"https:\/\/tabory.vivanet.sk\/2024\/wp-json\/wp\/v2\/pages\/2\/revisions"}],"predecessor-version":[{"id":108,"href":"https:\/\/tabory.vivanet.sk\/2024\/wp-json\/wp\/v2\/pages\/2\/revisions\/108"}],"wp:attachment":[{"href":"https:\/\/tabory.vivanet.sk\/2024\/wp-json\/wp\/v2\/media?parent=2"}],"curies":[{"name":"wp","href":"https:\/\/api.w.org\/{rel}","templated":true}]}}