{"id":20,"date":"2023-03-01T21:01:51","date_gmt":"2023-03-01T20:01:51","guid":{"rendered":"https:\/\/tabory.vivanet.sk\/2024\/?page_id=20"},"modified":"2024-01-28T17:16:41","modified_gmt":"2024-01-28T16:16:41","slug":"terminy","status":"publish","type":"page","link":"https:\/\/tabory.vivanet.sk\/2024\/terminy\/","title":{"rendered":"Term\u00edny"},"content":{"rendered":"<p><img loading=\"lazy\" decoding=\"async\" class=\"alignright wp-image-45 size-medium\" src=\"https:\/\/tabory.vivanet.sk\/2024\/wp-content\/uploads\/drotar1-400x300.jpg\" alt=\"\" width=\"400\" height=\"300\" srcset=\"https:\/\/tabory.vivanet.sk\/2024\/wp-content\/uploads\/drotar1-400x300.jpg 400w, https:\/\/tabory.vivanet.sk\/2024\/wp-content\/uploads\/drotar1-768x576.jpg 768w, https:\/\/tabory.vivanet.sk\/2024\/wp-content\/uploads\/drotar1-650x488.jpg 650w, https:\/\/tabory.vivanet.sk\/2024\/wp-content\/uploads\/drotar1-261x196.jpg 261w, https:\/\/tabory.vivanet.sk\/2024\/wp-content\/uploads\/drotar1-540x406.jpg 540w, https:\/\/tabory.vivanet.sk\/2024\/wp-content\/uploads\/drotar1-300x225.jpg 300w, https:\/\/tabory.vivanet.sk\/2024\/wp-content\/uploads\/drotar1.jpg 1024w\" sizes=\"auto, (max-width: 400px) 100vw, 400px\" \/><\/p>\n<h3>1. TURNUS<\/h3>\n<p>TERM\u00cdN: <strong>14. 7. &#8211; 20. 7. 2024<\/strong><br \/>\nMIESTO: Hotel Drot\u00e1r, Hronec<br \/>\nRE\u010cN\u00cdCI: <a href=\"#zakovci\">Vlado a Martina \u017d\u00e1kovci<\/a><\/p>\n<h3>2. TURNUS<\/h3>\n<p>TERM\u00cdN: <strong>21. 7. &#8211; 27. 7. 2024<\/strong><br \/>\nMIESTO: Hotel Drot\u00e1r, Hronec<br \/>\nRE\u010cN\u00cdCI: <a href=\"#schubertovci\">Georg a Christine Schubertovci<\/a><\/p>\n<p>&nbsp;<\/p>\n<h2>CENY<\/h2>\n<p>300\u20ac &#8211; dospel\u00fd<br \/>\n260\u20ac &#8211; die\u0165a od 12 rokov (dospel\u00e1 porcia)<br \/>\n240\u20ac &#8211; die\u0165a do 11 rokov vr\u00e1tane (detsk\u00e1 porcia)<br \/>\n50\u20ac &#8211; die\u0165a do 3 rokov vr\u00e1tane (bez n\u00e1roku na stravu a l\u00f4\u017eko)<br \/>\n10\u20ac &#8211; poplatok za psa<\/p>\n<p>Pred t\u00e1borom je potrebn\u00e9 uhradi\u0165 z\u00e1lohu vo v\u00fd\u0161ke 300\u20ac na rodinu.<\/p>\n<p>&nbsp;<\/p>\n<h2>O RE\u010cN\u00cdKOCH<\/h2>\n<h3 id=\"zakovci\">Martina a Vlado \u017d\u00e1kovci<\/h3>\n<p><img loading=\"lazy\" decoding=\"async\" class=\"wp-image-99 alignleft\" src=\"https:\/\/tabory.vivanet.sk\/2024\/wp-content\/uploads\/zakovci-266x400.jpg\" alt=\"\" width=\"204\" height=\"307\" srcset=\"https:\/\/tabory.vivanet.sk\/2024\/wp-content\/uploads\/zakovci-266x400.jpg 266w, https:\/\/tabory.vivanet.sk\/2024\/wp-content\/uploads\/zakovci-300x452.jpg 300w, https:\/\/tabory.vivanet.sk\/2024\/wp-content\/uploads\/zakovci.jpg 471w\" sizes=\"auto, (max-width: 204px) 100vw, 204px\" \/>Vlado &amp; Martinka \u017d\u00e1kovci moment\u00e1lne p\u00f4sobia v Bratislave ako ved\u00faci slu\u017eobn\u00edci spolo\u010denstva Otcov dom, ktor\u00fd je s\u00fa\u010das\u0165ou Apo\u0161tolskej cirkvi. Ich rados\u0165ou je prin\u00e1\u0161a\u0165 zjavenie o dobrote Nebesk\u00e9ho Otca a vies\u0165 \u013eud\u00ed do plnosti a slobody toho, \u010do to znamen\u00e1 \u017ei\u0165 ako bo\u017e\u00ed synovia &amp; dc\u00e9ry. S\u00fa man\u017eelmi takmer 14 rokov, maj\u00fa spolu 3 deti (jedno z nich u\u017e v nebi), pre\u017eili si spolu \u017eivotn\u00e9 v\u00fd\u0161iny aj \u00fadolia, ale cez to v\u0161etko sa rozhodli dennodenne zotrv\u00e1va\u0165 v Bo\u017eej radosti a bra\u0165 sam\u00fdch seba s humorom :-). Medzi ich siln\u00e9 \u017eivotn\u00e9 t\u00e9my patr\u00ed zdrav\u00e1 identita, komunik\u00e1cia, kult\u00fara \u00facty, sloboda a odv\u00e1\u017ene kr\u00e1\u010danie za Je\u017ei\u0161om.<\/p>\n<p>&nbsp;<\/p>\n<h3 id=\"schubertovci\">Georg a Christine Schubertovci<\/h3>\n<p><img loading=\"lazy\" decoding=\"async\" class=\"wp-image-98 alignright\" src=\"https:\/\/tabory.vivanet.sk\/2024\/wp-content\/uploads\/schubertovci-400x300.jpg\" alt=\"\" width=\"264\" height=\"198\" srcset=\"https:\/\/tabory.vivanet.sk\/2024\/wp-content\/uploads\/schubertovci-400x300.jpg 400w, https:\/\/tabory.vivanet.sk\/2024\/wp-content\/uploads\/schubertovci-1024x768.jpg 1024w, https:\/\/tabory.vivanet.sk\/2024\/wp-content\/uploads\/schubertovci-768x576.jpg 768w, https:\/\/tabory.vivanet.sk\/2024\/wp-content\/uploads\/schubertovci-1536x1152.jpg 1536w, https:\/\/tabory.vivanet.sk\/2024\/wp-content\/uploads\/schubertovci-2048x1536.jpg 2048w, https:\/\/tabory.vivanet.sk\/2024\/wp-content\/uploads\/schubertovci-650x488.jpg 650w, https:\/\/tabory.vivanet.sk\/2024\/wp-content\/uploads\/schubertovci-261x196.jpg 261w, https:\/\/tabory.vivanet.sk\/2024\/wp-content\/uploads\/schubertovci-540x406.jpg 540w, https:\/\/tabory.vivanet.sk\/2024\/wp-content\/uploads\/schubertovci-300x225.jpg 300w\" sizes=\"auto, (max-width: 264px) 100vw, 264px\" \/><br \/>\nGeorg a Christine Schubertovci s\u00fa man\u017eelmi u\u017e 40 rokov. S\u00fa rodi\u010dmi \u0161tyroch dospel\u00fdch det\u00ed a maj\u00fa \u0161tyri vn\u00fa\u010dat\u00e1. Christine je soci\u00e1lna pedagogi\u010dka, Georg je mentor a lektor. Spolo\u010dne sa zap\u00e1jaj\u00fa do vz\u0165ahov\u00e9ho tr\u00e9ningu a poradenstva a s\u00fa dlhoro\u010dn\u00fdmi spolupracovn\u00edkmi Ml\u00e1de\u017ee s misiou (YWAM).<\/p>\n","protected":false},"excerpt":{"rendered":"<p>1. TURNUS TERM\u00cdN: 14. 7. &#8211; 20. 7. 2024 MIESTO: Hotel Drot\u00e1r, Hronec RE\u010cN\u00cdCI: Vlado a Martina \u017d\u00e1kovci 2. TURNUS TERM\u00cdN: 21. 7. &#8211; 27. 7. 2024 MIESTO: Hotel Drot\u00e1r, <a class=\"more-link\" href=\"https:\/\/tabory.vivanet.sk\/2024\/terminy\/\">[ . . . ]<\/a><\/p>\n","protected":false},"author":1,"featured_media":0,"parent":0,"menu_order":4,"comment_status":"closed","ping_status":"closed","template":"","meta":{"footnotes":""},"class_list":["post-20","page","type-page","status-publish","hentry"],"_links":{"self":[{"href":"https:\/\/tabory.vivanet.sk\/2024\/wp-json\/wp\/v2\/pages\/20","targetHints":{"allow":["GET"]}}],"collection":[{"href":"https:\/\/tabory.vivanet.sk\/2024\/wp-json\/wp\/v2\/pages"}],"about":[{"href":"https:\/\/tabory.vivanet.sk\/2024\/wp-json\/wp\/v2\/types\/page"}],"author":[{"embeddable":true,"href":"https:\/\/tabory.vivanet.sk\/2024\/wp-json\/wp\/v2\/users\/1"}],"replies":[{"embeddable":true,"href":"https:\/\/tabory.vivanet.sk\/2024\/wp-json\/wp\/v2\/comments?post=20"}],"version-history":[{"count":24,"href":"https:\/\/tabory.vivanet.sk\/2024\/wp-json\/wp\/v2\/pages\/20\/revisions"}],"predecessor-version":[{"id":111,"href":"https:\/\/tabory.vivanet.sk\/2024\/wp-json\/wp\/v2\/pages\/20\/revisions\/111"}],"wp:attachment":[{"href":"https:\/\/tabory.vivanet.sk\/2024\/wp-json\/wp\/v2\/media?parent=20"}],"curies":[{"name":"wp","href":"https:\/\/api.w.org\/{rel}","templated":true}]}}