{"id":11,"date":"2023-03-01T18:24:02","date_gmt":"2023-03-01T17:24:02","guid":{"rendered":"https:\/\/tabory.vivanet.sk\/2025\/?page_id=11"},"modified":"2025-03-15T20:21:38","modified_gmt":"2025-03-15T19:21:38","slug":"tema","status":"publish","type":"page","link":"https:\/\/tabory.vivanet.sk\/2025\/tema\/","title":{"rendered":"T\u00e9ma"},"content":{"rendered":"<h3><span style=\"font-size: 20px;\"><strong>Odhodlan\u00ed<\/strong><\/span><\/h3>\n<p><span style=\"font-size: 16px;\"><strong>Jozue 1,9:<\/strong> <\/span><\/p>\n<p><strong><span style=\"font-size: 16px;\">&#8222;Bu\u010f siln\u00fd a odhodlan\u00fd, neboj sa a nez\u00fafaj si!<br \/>\nLebo Hospodin, tvoj Boh, bude s tebou, kamko\u013evek pojde\u0161.&#8220;<\/span><\/strong><\/p>\n<p>&nbsp;<\/p>\n<p>&nbsp;<\/p>\n<h3 style=\"text-align: center;\"><strong><a href=\"https:\/\/tabory.vivanet.sk\/2025\/prihlaska\/\">Registr\u00e1cia<\/a><\/strong> otvoren\u00e1<\/h3>\n","protected":false},"excerpt":{"rendered":"<p>Odhodlan\u00ed Jozue 1,9: &#8222;Bu\u010f siln\u00fd a odhodlan\u00fd, neboj sa a nez\u00fafaj si! Lebo Hospodin, tvoj Boh, bude s tebou, kamko\u013evek pojde\u0161.&#8220; &nbsp; &nbsp; Registr\u00e1cia otvoren\u00e1<\/p>\n","protected":false},"author":1,"featured_media":0,"parent":0,"menu_order":3,"comment_status":"closed","ping_status":"closed","template":"","meta":{"footnotes":""},"class_list":["post-11","page","type-page","status-publish","hentry"],"_links":{"self":[{"href":"https:\/\/tabory.vivanet.sk\/2025\/wp-json\/wp\/v2\/pages\/11","targetHints":{"allow":["GET"]}}],"collection":[{"href":"https:\/\/tabory.vivanet.sk\/2025\/wp-json\/wp\/v2\/pages"}],"about":[{"href":"https:\/\/tabory.vivanet.sk\/2025\/wp-json\/wp\/v2\/types\/page"}],"author":[{"embeddable":true,"href":"https:\/\/tabory.vivanet.sk\/2025\/wp-json\/wp\/v2\/users\/1"}],"replies":[{"embeddable":true,"href":"https:\/\/tabory.vivanet.sk\/2025\/wp-json\/wp\/v2\/comments?post=11"}],"version-history":[{"count":28,"href":"https:\/\/tabory.vivanet.sk\/2025\/wp-json\/wp\/v2\/pages\/11\/revisions"}],"predecessor-version":[{"id":169,"href":"https:\/\/tabory.vivanet.sk\/2025\/wp-json\/wp\/v2\/pages\/11\/revisions\/169"}],"wp:attachment":[{"href":"https:\/\/tabory.vivanet.sk\/2025\/wp-json\/wp\/v2\/media?parent=11"}],"curies":[{"name":"wp","href":"https:\/\/api.w.org\/{rel}","templated":true}]}}