{"id":20,"date":"2023-03-01T21:01:51","date_gmt":"2023-03-01T20:01:51","guid":{"rendered":"https:\/\/tabory.vivanet.sk\/2025\/?page_id=20"},"modified":"2025-03-19T18:52:48","modified_gmt":"2025-03-19T17:52:48","slug":"terminy","status":"publish","type":"page","link":"https:\/\/tabory.vivanet.sk\/2025\/terminy\/","title":{"rendered":"Term\u00edny"},"content":{"rendered":"<p><img loading=\"lazy\" decoding=\"async\" class=\"alignright wp-image-45 size-medium\" src=\"https:\/\/tabory.vivanet.sk\/2025\/wp-content\/uploads\/drotar1-400x300.jpg\" alt=\"\" width=\"400\" height=\"300\" srcset=\"https:\/\/tabory.vivanet.sk\/2025\/wp-content\/uploads\/drotar1-400x300.jpg 400w, https:\/\/tabory.vivanet.sk\/2025\/wp-content\/uploads\/drotar1-768x576.jpg 768w, https:\/\/tabory.vivanet.sk\/2025\/wp-content\/uploads\/drotar1-650x488.jpg 650w, https:\/\/tabory.vivanet.sk\/2025\/wp-content\/uploads\/drotar1-261x196.jpg 261w, https:\/\/tabory.vivanet.sk\/2025\/wp-content\/uploads\/drotar1-540x406.jpg 540w, https:\/\/tabory.vivanet.sk\/2025\/wp-content\/uploads\/drotar1-300x225.jpg 300w, https:\/\/tabory.vivanet.sk\/2025\/wp-content\/uploads\/drotar1.jpg 1024w\" sizes=\"auto, (max-width: 400px) 100vw, 400px\" \/><\/p>\n<h3>1. TURNUS<\/h3>\n<p>TERM\u00cdN: <strong>20. 7. &#8211; 26. 7. 2025<\/strong><br \/>\nMIESTO: Hotel Drot\u00e1r, Hronec<br \/>\nRE\u010cN\u00cdCI: <a href=\"#statkiewicz\">Roman a Tamara Statkiewicz<\/a><\/p>\n<h3>2. TURNUS<\/h3>\n<p>TERM\u00cdN: <strong>17. 8. &#8211; 23. 8. 2025<\/strong><br \/>\nMIESTO: Hotel Drot\u00e1r, Hronec<br \/>\nRE\u010cN\u00cdCI: <a href=\"#lipovski\">Marian a \u013dudka Lipovsk\u00ed<\/a><\/p>\n<p>&nbsp;<\/p>\n<h2>CENY<\/h2>\n<p>320\u20ac \u2013 dospel\u00fd<br \/>\n280\u20ac \u2013 die\u0165a od 12 rokov (dospel\u00e1 porcia)<br \/>\n245\u20ac \u2013 die\u0165a do 11 rokov vr\u00e1tane (detsk\u00e1 porcia)<br \/>\n50\u20ac \u2013 die\u0165a do 3 rokov vr\u00e1tane (bez n\u00e1roku na stravu a l\u00f4\u017eko)<br \/>\n10\u20ac \u2013 poplatok za psa<\/p>\n<p>Pred t\u00e1borom je potrebn\u00e9 uhradi\u0165 z\u00e1lohu vo v\u00fd\u0161ke 300\u20ac na rodinu.<\/p>\n<p>&nbsp;<\/p>\n<h2>O RE\u010cN\u00cdKOCH<\/h2>\n<h3 id=\"statkiewicz\">Roman a Tamara Statkiewicz<\/h3>\n<div><img loading=\"lazy\" decoding=\"async\" class=\" wp-image-160 alignright\" src=\"https:\/\/tabory.vivanet.sk\/2025\/wp-content\/uploads\/Statkiewicz-400x264.jpg\" alt=\"\" width=\"368\" height=\"243\" srcset=\"https:\/\/tabory.vivanet.sk\/2025\/wp-content\/uploads\/Statkiewicz-400x264.jpg 400w, https:\/\/tabory.vivanet.sk\/2025\/wp-content\/uploads\/Statkiewicz-1024x677.jpg 1024w, https:\/\/tabory.vivanet.sk\/2025\/wp-content\/uploads\/Statkiewicz-768x507.jpg 768w, https:\/\/tabory.vivanet.sk\/2025\/wp-content\/uploads\/Statkiewicz-1536x1015.jpg 1536w, https:\/\/tabory.vivanet.sk\/2025\/wp-content\/uploads\/Statkiewicz-2048x1353.jpg 2048w, https:\/\/tabory.vivanet.sk\/2025\/wp-content\/uploads\/Statkiewicz-650x429.jpg 650w, https:\/\/tabory.vivanet.sk\/2025\/wp-content\/uploads\/Statkiewicz-300x198.jpg 300w\" sizes=\"auto, (max-width: 368px) 100vw, 368px\" \/> Roman and Tamara Statkiewicz posledn\u00fdch 25 rokov sl\u00fa\u017eia ako mision\u00e1ri na pln\u00fd \u00fav\u00e4zok pre YWAM. Tento \u010das ve\u013emi dobre vystihuje v\u00fdrok: &#8222;\u017divot s Bohom je o partnerstve s N\u00edm. Rob to, \u010do je mo\u017en\u00e9, aby On urobil to, \u010do je nemo\u017en\u00e9.&#8220;<\/div>\n<div>V s\u00fa\u010dasnosti Roman and Tamara \u017eij\u00fa v Po\u013esku a ved\u00fa slu\u017ebu &#8222;Dotyk&#8220; pre deti a rodiny v n\u00fadzi s v\u00edziou posilni\u0165 zranite\u013en\u00fdch, aby mohli kr\u00e1\u010da\u0165 za poslan\u00edm, ktor\u00e9 im dal Boh. Maj\u00fa dvoch dospel\u00fdch synov, Aleksadera a Anatolija.<\/div>\n<h3 id=\"lipovski\">Marian a \u013dudka Lipovsk\u00ed<\/h3>\n<p><img loading=\"lazy\" decoding=\"async\" class=\" wp-image-158 alignleft\" src=\"https:\/\/tabory.vivanet.sk\/2025\/wp-content\/uploads\/Lipovski-295x400.jpg\" alt=\"\" width=\"274\" height=\"372\" srcset=\"https:\/\/tabory.vivanet.sk\/2025\/wp-content\/uploads\/Lipovski-295x400.jpg 295w, https:\/\/tabory.vivanet.sk\/2025\/wp-content\/uploads\/Lipovski-650x882.jpg 650w, https:\/\/tabory.vivanet.sk\/2025\/wp-content\/uploads\/Lipovski-300x407.jpg 300w, https:\/\/tabory.vivanet.sk\/2025\/wp-content\/uploads\/Lipovski.jpg 685w\" sizes=\"auto, (max-width: 274px) 100vw, 274px\" \/><\/p>\n<p>Marian vedie hudobn\u00fa skupinu Timothy a Timothy Worship Centrum. St\u00e1l pri vzniku festivalu Campfest, projektu Transformation Tour a \u010fal\u0161\u00edch. Relaxuje najm\u00e4 pri gitare, skladan\u00ed piesn\u00ed a prech\u00e1dzkach s Nebesk\u00fdm Otcom.<br \/>\n\u013dudka moment\u00e1lne sl\u00fa\u017ei v zdru\u017een\u00ed dWell v \u0161kol\u00e1ch Slu\u017eba modlitbou a \u0160kola duchovn\u00e9ho rastu a poradenstvom v dWellness online 55. M\u00e1 rada umenie a kreativitu, tvor\u00ed nov\u00e9 kuch\u00e1rske recepty a je aj autorkou knihy Som pln\u00e1 Jeho slov.<br \/>\nS Marianom miluj\u00fa \u010das pri stole pln\u00fdch \u013dudkin\u00fdch dobr\u00f4t spolu s \u010fe\u0165mi Ester, D\u00e1vidom a jeho man\u017eelkou Leonou.<\/p>\n<p>&nbsp;<\/p>\n","protected":false},"excerpt":{"rendered":"<p>1. TURNUS TERM\u00cdN: 20. 7. &#8211; 26. 7. 2025 MIESTO: Hotel Drot\u00e1r, Hronec RE\u010cN\u00cdCI: Roman a Tamara Statkiewicz 2. TURNUS TERM\u00cdN: 17. 8. &#8211; 23. 8. 2025 MIESTO: Hotel Drot\u00e1r, <a class=\"more-link\" href=\"https:\/\/tabory.vivanet.sk\/2025\/terminy\/\">[ . . . ]<\/a><\/p>\n","protected":false},"author":1,"featured_media":0,"parent":0,"menu_order":4,"comment_status":"closed","ping_status":"closed","template":"","meta":{"footnotes":""},"class_list":["post-20","page","type-page","status-publish","hentry"],"_links":{"self":[{"href":"https:\/\/tabory.vivanet.sk\/2025\/wp-json\/wp\/v2\/pages\/20","targetHints":{"allow":["GET"]}}],"collection":[{"href":"https:\/\/tabory.vivanet.sk\/2025\/wp-json\/wp\/v2\/pages"}],"about":[{"href":"https:\/\/tabory.vivanet.sk\/2025\/wp-json\/wp\/v2\/types\/page"}],"author":[{"embeddable":true,"href":"https:\/\/tabory.vivanet.sk\/2025\/wp-json\/wp\/v2\/users\/1"}],"replies":[{"embeddable":true,"href":"https:\/\/tabory.vivanet.sk\/2025\/wp-json\/wp\/v2\/comments?post=20"}],"version-history":[{"count":42,"href":"https:\/\/tabory.vivanet.sk\/2025\/wp-json\/wp\/v2\/pages\/20\/revisions"}],"predecessor-version":[{"id":170,"href":"https:\/\/tabory.vivanet.sk\/2025\/wp-json\/wp\/v2\/pages\/20\/revisions\/170"}],"wp:attachment":[{"href":"https:\/\/tabory.vivanet.sk\/2025\/wp-json\/wp\/v2\/media?parent=20"}],"curies":[{"name":"wp","href":"https:\/\/api.w.org\/{rel}","templated":true}]}}